{"id":1232,"date":"2023-12-05T20:12:59","date_gmt":"2023-12-05T20:12:59","guid":{"rendered":"https:\/\/fpg.dotflorence.com\/ueber-mich\/"},"modified":"2024-01-09T10:38:05","modified_gmt":"2024-01-09T10:38:05","slug":"ueber-mich","status":"publish","type":"page","link":"https:\/\/florenceprivateguide.com\/de\/ueber-mich\/","title":{"rendered":"\u00dcber mich"},"content":{"rendered":"\t\t<div data-elementor-type=\"wp-page\" data-elementor-id=\"1232\" class=\"elementor elementor-1232 elementor-47\" data-elementor-post-type=\"page\">\n\t\t\t\t<div class=\"elementor-element elementor-element-2c2243dd e-con-full e-flex e-con e-parent\" data-id=\"2c2243dd\" data-element_type=\"container\" data-settings=\"{&quot;jet_parallax_layout_list&quot;:[]}\">\n\t\t\t\t<div data-dce-title-color=\"#FFFFFF\" data-dce-advanced-background-image-url=\"https:\/\/florenceprivateguide.com\/wp-content\/uploads\/tours\/walking-tour.jpeg\" class=\"elementor-element elementor-element-60ea627e elementor-invisible elementor-has-bg-overlay elementor-widget elementor-widget-heading\" data-id=\"60ea627e\" data-element_type=\"widget\" data-settings=\"{&quot;_animation&quot;:&quot;fadeInDown&quot;}\" data-widget_type=\"heading.default\">\n\t\t\t\t<div class=\"elementor-widget-container\">\n\t\t\t\t\t<h1 class=\"elementor-heading-title elementor-size-default\"><small style=\"font-size:18px;margin-bottom:10px\">Florence Private Guide<\/small><span>\u00dcber mich<\/span><\/h1>\t\t\t\t<\/div>\n\t\t\t\t<\/div>\n\t\t\t\t<\/div>\n\t\t<div class=\"elementor-element elementor-element-0c31f69 e-flex e-con-boxed e-con e-parent\" data-id=\"0c31f69\" data-element_type=\"container\" data-settings=\"{&quot;jet_parallax_layout_list&quot;:[]}\">\n\t\t\t\t\t<div class=\"e-con-inner\">\n\t\t\t\t<div class=\"elementor-element elementor-element-a17dee8 elementor-widget elementor-widget-text-editor\" data-id=\"a17dee8\" data-element_type=\"widget\" data-widget_type=\"text-editor.default\">\n\t\t\t\t<div class=\"elementor-widget-container\">\n\t\t\t\t\t\t\t\t\t<p><img fetchpriority=\"high\" decoding=\"async\" class=\"alignleft wp-image-1166 size-full\" src=\"https:\/\/florenceprivateguide.com\/wp-content\/uploads\/about.jpg\" alt=\"\" width=\"500\" height=\"500\" data-mce-src=\"https:\/\/florenceprivateguide.com\/wp-content\/uploads\/about.jpg\" srcset=\"https:\/\/florenceprivateguide.com\/wp-content\/uploads\/about.jpg 500w, https:\/\/florenceprivateguide.com\/wp-content\/uploads\/about-300x300.jpg 300w, https:\/\/florenceprivateguide.com\/wp-content\/uploads\/about-150x150.jpg 150w\" sizes=\"(max-width: 500px) 100vw, 500px\" \/><\/p>\n<p>Mein Name ist Paolo Russo und ich bin in Sorrent geboren &#8230; Ich wurde im Jahr 1969 &#8222;made in Italy&#8220;!<\/p>\n<p>Von 1990 bis 1998 lebte ich in Deutschland, wo ich BWL studiert habe , ich bin Dipl.Betr.Wirt (BA).<\/p>\n<p>Ich lebe seit 1998 in Florenz.<\/p>\n<p>Von dem Moment an, als ich Florenz betrat, hatte ich das Gef\u00fchl, die Stadt hatte mich adoptiert! Wir hatten uns gefunden; Florenz, mein wahres Zuhause. Obwohl ich kein &#8222;geb\u00fcrtiger Florentiner&#8220; bin, bin ich stolz zu sagen, dass ich ein &#8222;auserw\u00e4hlter Florentiner&#8220; bin.<\/p>\n<p><em>Du bist in mein Herz gesprungen<\/em><\/p>\n<p><em>Du bist f\u00fcr mich gemacht<\/em><\/p>\n<p><em>Der Sprung ist dir gelungen<\/em><\/p>\n<p><em>Hab ich&#8217;s mir doch gleich gedacht<\/em><\/p>\n<p><em>(Herbert Gr\u00f6nemeyer)<\/em><\/p>\n<p>Von Beginn meines Lebens in Florenz an war ich \u00fcberw\u00e4ltigt von allem, was diese Stadt zu bieten hat. Diese F\u00fclle und Gro\u00dfz\u00fcgigkeit, insbesondere, nat\u00fcrlich, in Kunst und Geschichte. Es gibt so viele aufregende Dinge zu lesen, zu sehen und zu studieren \u00fcber diese sch\u00f6ne, faszinierende Stadt, Florenz.<\/p>\n<p>Im Mai 2009 beschloss ich, auf mein Herz zu h\u00f6ren. Ich besuchte die Schule die akkreditiert war, zuk\u00fcnftige Stadtf\u00fchrer von Florenz auszubilden, &nbsp;damit ich meine Liebe und Faszination f\u00fcr diese Stadt mit so vielen Menschen wie m\u00f6glich teilen konnte. Im Juni 2010 wurde ich lizenzierter&nbsp;Stadtf\u00fchrer&nbsp;f\u00fcr Florenz und seine Provinz.<\/p>\n<p>Seitdem hatte ich das Gl\u00fcck, f\u00fcr einigen der vielen Millionen Besuchern die Florenz jedes Jahr willkommt, Privatf\u00fchrungen anzubieten.<\/p>\n<p>Ich hoffe, dass Ihnen meine Webseite gef\u00e4llt und Sie die Informationen f\u00fcr Ihren Besuch in &#8222;La bella Firenze&#8220; n\u00fctzlich finden.<\/p>\n<p>Ciao e grazie.<\/p>\n<p style=\"text-align: center;\" data-mce-style=\"text-align: center;\"><strong><em>Paolo Russo<\/em><\/strong><\/p>\n\t\t\t\t\t\t\t\t<\/div>\n\t\t\t\t<\/div>\n\t\t\t\t\t<\/div>\n\t\t\t\t<\/div>\n\t\t\t\t<\/div>\n\t\t","protected":false},"excerpt":{"rendered":"<p>Mein Name ist Paolo Russo und ich bin in Sorrent geboren &#8230; Ich wurde im Jahr 1969 &#8222;made in Italy&#8220;! Von 1990 bis 1998 lebte ich in Deutschland, wo ich BWL studiert habe , ich bin Dipl.Betr.Wirt (BA). Ich lebe seit 1998 in Florenz. Von dem Moment an, als ich Florenz betrat, hatte ich das&#8230;<\/p>\n","protected":false},"author":1,"featured_media":1136,"parent":0,"menu_order":3,"comment_status":"closed","ping_status":"closed","template":"","meta":{"_acf_changed":false,"footnotes":""},"categories":[],"tags":[],"class_list":["post-1232","page","type-page","status-publish","has-post-thumbnail","hentry"],"acf":[],"yoast_head":"<!-- This site is optimized with the Yoast SEO plugin v25.3.1 - https:\/\/yoast.com\/wordpress\/plugins\/seo\/ -->\n<title>\u00dcber mich - Florence Private Guide<\/title>\n<meta name=\"description\" content=\"Mein Name ist Paolo Russo und ich bin in Sorrent geboren ... Ich wurde im Jahr 1969 &quot;made in Italy&quot;! Von 1990 bis 1998 lebte ich in Deutschland, wo ich\" \/>\n<meta name=\"robots\" content=\"index, follow, max-snippet:-1, max-image-preview:large, max-video-preview:-1\" \/>\n<link rel=\"canonical\" href=\"https:\/\/florenceprivateguide.com\/de\/ueber-mich\/\" \/>\n<meta property=\"og:locale\" content=\"de_DE\" \/>\n<meta property=\"og:type\" content=\"article\" \/>\n<meta property=\"og:title\" content=\"\u00dcber mich - Florence Private Guide\" \/>\n<meta property=\"og:description\" content=\"Mein Name ist Paolo Russo und ich bin in Sorrent geboren ... Ich wurde im Jahr 1969 &quot;made in Italy&quot;! Von 1990 bis 1998 lebte ich in Deutschland, wo ich\" \/>\n<meta property=\"og:url\" content=\"https:\/\/florenceprivateguide.com\/de\/ueber-mich\/\" \/>\n<meta property=\"og:site_name\" content=\"Florence Private Guide\" \/>\n<meta property=\"article:modified_time\" content=\"2024-01-09T10:38:05+00:00\" \/>\n<meta property=\"og:image\" content=\"https:\/\/florenceprivateguide.com\/wp-content\/uploads\/tours\/walking-tour.jpeg\" \/>\n\t<meta property=\"og:image:width\" content=\"1859\" \/>\n\t<meta property=\"og:image:height\" content=\"900\" \/>\n\t<meta property=\"og:image:type\" content=\"image\/jpeg\" \/>\n<meta name=\"twitter:card\" content=\"summary_large_image\" \/>\n<meta name=\"twitter:label1\" content=\"Gesch\u00e4tzte Lesezeit\" \/>\n\t<meta name=\"twitter:data1\" content=\"1\u00a0Minute\" \/>\n<script type=\"application\/ld+json\" class=\"yoast-schema-graph\">{\"@context\":\"https:\/\/schema.org\",\"@graph\":[{\"@type\":\"WebPage\",\"@id\":\"https:\/\/florenceprivateguide.com\/de\/ueber-mich\/\",\"url\":\"https:\/\/florenceprivateguide.com\/de\/ueber-mich\/\",\"name\":\"\u00dcber mich - Florence Private Guide\",\"isPartOf\":{\"@id\":\"https:\/\/florenceprivateguide.com\/de\/#website\"},\"primaryImageOfPage\":{\"@id\":\"https:\/\/florenceprivateguide.com\/de\/ueber-mich\/#primaryimage\"},\"image\":{\"@id\":\"https:\/\/florenceprivateguide.com\/de\/ueber-mich\/#primaryimage\"},\"thumbnailUrl\":\"https:\/\/florenceprivateguide.com\/wp-content\/uploads\/tours\/walking-tour.jpeg\",\"datePublished\":\"2023-12-05T20:12:59+00:00\",\"dateModified\":\"2024-01-09T10:38:05+00:00\",\"description\":\"Mein Name ist Paolo Russo und ich bin in Sorrent geboren ... Ich wurde im Jahr 1969 \\\"made in Italy\\\"! Von 1990 bis 1998 lebte ich in Deutschland, wo ich\",\"breadcrumb\":{\"@id\":\"https:\/\/florenceprivateguide.com\/de\/ueber-mich\/#breadcrumb\"},\"inLanguage\":\"de\",\"potentialAction\":[{\"@type\":\"ReadAction\",\"target\":[\"https:\/\/florenceprivateguide.com\/de\/ueber-mich\/\"]}]},{\"@type\":\"ImageObject\",\"inLanguage\":\"de\",\"@id\":\"https:\/\/florenceprivateguide.com\/de\/ueber-mich\/#primaryimage\",\"url\":\"https:\/\/florenceprivateguide.com\/wp-content\/uploads\/tours\/walking-tour.jpeg\",\"contentUrl\":\"https:\/\/florenceprivateguide.com\/wp-content\/uploads\/tours\/walking-tour.jpeg\",\"width\":1859,\"height\":900},{\"@type\":\"BreadcrumbList\",\"@id\":\"https:\/\/florenceprivateguide.com\/de\/ueber-mich\/#breadcrumb\",\"itemListElement\":[{\"@type\":\"ListItem\",\"position\":1,\"name\":\"Home\",\"item\":\"https:\/\/florenceprivateguide.com\/de\/\"},{\"@type\":\"ListItem\",\"position\":2,\"name\":\"\u00dcber mich\"}]},{\"@type\":\"WebSite\",\"@id\":\"https:\/\/florenceprivateguide.com\/de\/#website\",\"url\":\"https:\/\/florenceprivateguide.com\/de\/\",\"name\":\"Florence Private Guide\",\"description\":\"\",\"publisher\":{\"@id\":\"https:\/\/florenceprivateguide.com\/de\/#organization\"},\"potentialAction\":[{\"@type\":\"SearchAction\",\"target\":{\"@type\":\"EntryPoint\",\"urlTemplate\":\"https:\/\/florenceprivateguide.com\/de\/?s={search_term_string}\"},\"query-input\":{\"@type\":\"PropertyValueSpecification\",\"valueRequired\":true,\"valueName\":\"search_term_string\"}}],\"inLanguage\":\"de\"},{\"@type\":\"Organization\",\"@id\":\"https:\/\/florenceprivateguide.com\/de\/#organization\",\"name\":\"Florence Private Guide\",\"url\":\"https:\/\/florenceprivateguide.com\/de\/\",\"logo\":{\"@type\":\"ImageObject\",\"inLanguage\":\"de\",\"@id\":\"https:\/\/florenceprivateguide.com\/de\/#\/schema\/logo\/image\/\",\"url\":\"https:\/\/florenceprivateguide.com\/wp-content\/uploads\/logo\/logo-russo-shade.svg\",\"contentUrl\":\"https:\/\/florenceprivateguide.com\/wp-content\/uploads\/logo\/logo-russo-shade.svg\",\"width\":238.25,\"height\":238.25,\"caption\":\"Florence Private Guide\"},\"image\":{\"@id\":\"https:\/\/florenceprivateguide.com\/de\/#\/schema\/logo\/image\/\"}}]}<\/script>\n<!-- \/ Yoast SEO plugin. -->","yoast_head_json":{"title":"\u00dcber mich - Florence Private Guide","description":"Mein Name ist Paolo Russo und ich bin in Sorrent geboren ... Ich wurde im Jahr 1969 \"made in Italy\"! Von 1990 bis 1998 lebte ich in Deutschland, wo ich","robots":{"index":"index","follow":"follow","max-snippet":"max-snippet:-1","max-image-preview":"max-image-preview:large","max-video-preview":"max-video-preview:-1"},"canonical":"https:\/\/florenceprivateguide.com\/de\/ueber-mich\/","og_locale":"de_DE","og_type":"article","og_title":"\u00dcber mich - Florence Private Guide","og_description":"Mein Name ist Paolo Russo und ich bin in Sorrent geboren ... Ich wurde im Jahr 1969 \"made in Italy\"! Von 1990 bis 1998 lebte ich in Deutschland, wo ich","og_url":"https:\/\/florenceprivateguide.com\/de\/ueber-mich\/","og_site_name":"Florence Private Guide","article_modified_time":"2024-01-09T10:38:05+00:00","og_image":[{"width":1859,"height":900,"url":"https:\/\/florenceprivateguide.com\/wp-content\/uploads\/tours\/walking-tour.jpeg","type":"image\/jpeg"}],"twitter_card":"summary_large_image","twitter_misc":{"Gesch\u00e4tzte Lesezeit":"1\u00a0Minute"},"schema":{"@context":"https:\/\/schema.org","@graph":[{"@type":"WebPage","@id":"https:\/\/florenceprivateguide.com\/de\/ueber-mich\/","url":"https:\/\/florenceprivateguide.com\/de\/ueber-mich\/","name":"\u00dcber mich - Florence Private Guide","isPartOf":{"@id":"https:\/\/florenceprivateguide.com\/de\/#website"},"primaryImageOfPage":{"@id":"https:\/\/florenceprivateguide.com\/de\/ueber-mich\/#primaryimage"},"image":{"@id":"https:\/\/florenceprivateguide.com\/de\/ueber-mich\/#primaryimage"},"thumbnailUrl":"https:\/\/florenceprivateguide.com\/wp-content\/uploads\/tours\/walking-tour.jpeg","datePublished":"2023-12-05T20:12:59+00:00","dateModified":"2024-01-09T10:38:05+00:00","description":"Mein Name ist Paolo Russo und ich bin in Sorrent geboren ... Ich wurde im Jahr 1969 \"made in Italy\"! Von 1990 bis 1998 lebte ich in Deutschland, wo ich","breadcrumb":{"@id":"https:\/\/florenceprivateguide.com\/de\/ueber-mich\/#breadcrumb"},"inLanguage":"de","potentialAction":[{"@type":"ReadAction","target":["https:\/\/florenceprivateguide.com\/de\/ueber-mich\/"]}]},{"@type":"ImageObject","inLanguage":"de","@id":"https:\/\/florenceprivateguide.com\/de\/ueber-mich\/#primaryimage","url":"https:\/\/florenceprivateguide.com\/wp-content\/uploads\/tours\/walking-tour.jpeg","contentUrl":"https:\/\/florenceprivateguide.com\/wp-content\/uploads\/tours\/walking-tour.jpeg","width":1859,"height":900},{"@type":"BreadcrumbList","@id":"https:\/\/florenceprivateguide.com\/de\/ueber-mich\/#breadcrumb","itemListElement":[{"@type":"ListItem","position":1,"name":"Home","item":"https:\/\/florenceprivateguide.com\/de\/"},{"@type":"ListItem","position":2,"name":"\u00dcber mich"}]},{"@type":"WebSite","@id":"https:\/\/florenceprivateguide.com\/de\/#website","url":"https:\/\/florenceprivateguide.com\/de\/","name":"Florence Private Guide","description":"","publisher":{"@id":"https:\/\/florenceprivateguide.com\/de\/#organization"},"potentialAction":[{"@type":"SearchAction","target":{"@type":"EntryPoint","urlTemplate":"https:\/\/florenceprivateguide.com\/de\/?s={search_term_string}"},"query-input":{"@type":"PropertyValueSpecification","valueRequired":true,"valueName":"search_term_string"}}],"inLanguage":"de"},{"@type":"Organization","@id":"https:\/\/florenceprivateguide.com\/de\/#organization","name":"Florence Private Guide","url":"https:\/\/florenceprivateguide.com\/de\/","logo":{"@type":"ImageObject","inLanguage":"de","@id":"https:\/\/florenceprivateguide.com\/de\/#\/schema\/logo\/image\/","url":"https:\/\/florenceprivateguide.com\/wp-content\/uploads\/logo\/logo-russo-shade.svg","contentUrl":"https:\/\/florenceprivateguide.com\/wp-content\/uploads\/logo\/logo-russo-shade.svg","width":238.25,"height":238.25,"caption":"Florence Private Guide"},"image":{"@id":"https:\/\/florenceprivateguide.com\/de\/#\/schema\/logo\/image\/"}}]}},"_links":{"self":[{"href":"https:\/\/florenceprivateguide.com\/de\/wp-json\/wp\/v2\/pages\/1232","targetHints":{"allow":["GET"]}}],"collection":[{"href":"https:\/\/florenceprivateguide.com\/de\/wp-json\/wp\/v2\/pages"}],"about":[{"href":"https:\/\/florenceprivateguide.com\/de\/wp-json\/wp\/v2\/types\/page"}],"author":[{"embeddable":true,"href":"https:\/\/florenceprivateguide.com\/de\/wp-json\/wp\/v2\/users\/1"}],"replies":[{"embeddable":true,"href":"https:\/\/florenceprivateguide.com\/de\/wp-json\/wp\/v2\/comments?post=1232"}],"version-history":[{"count":0,"href":"https:\/\/florenceprivateguide.com\/de\/wp-json\/wp\/v2\/pages\/1232\/revisions"}],"wp:featuredmedia":[{"embeddable":true,"href":"https:\/\/florenceprivateguide.com\/de\/wp-json\/wp\/v2\/media\/1136"}],"wp:attachment":[{"href":"https:\/\/florenceprivateguide.com\/de\/wp-json\/wp\/v2\/media?parent=1232"}],"wp:term":[{"taxonomy":"category","embeddable":true,"href":"https:\/\/florenceprivateguide.com\/de\/wp-json\/wp\/v2\/categories?post=1232"},{"taxonomy":"post_tag","embeddable":true,"href":"https:\/\/florenceprivateguide.com\/de\/wp-json\/wp\/v2\/tags?post=1232"}],"curies":[{"name":"wp","href":"https:\/\/api.w.org\/{rel}","templated":true}]}}