{"id":1234,"date":"2023-12-18T14:19:27","date_gmt":"2023-12-18T14:19:27","guid":{"rendered":"https:\/\/fpg.dotflorence.com\/zertifizierungen\/"},"modified":"2024-01-05T09:44:03","modified_gmt":"2024-01-05T09:44:03","slug":"zertifizierungen","status":"publish","type":"page","link":"https:\/\/florenceprivateguide.com\/de\/zertifizierungen\/","title":{"rendered":"Zertifizierungen"},"content":{"rendered":"\t\t<div data-elementor-type=\"wp-page\" data-elementor-id=\"1234\" class=\"elementor elementor-1234 elementor-323\" data-elementor-post-type=\"page\">\n\t\t\t\t<div class=\"elementor-element elementor-element-6bf4444 e-con-full e-flex e-con e-parent\" data-id=\"6bf4444\" data-element_type=\"container\" data-settings=\"{&quot;jet_parallax_layout_list&quot;:[]}\">\n\t\t\t\t<div data-dce-title-color=\"#FFFFFF\" data-dce-advanced-background-image-url=\"https:\/\/florenceprivateguide.com\/wp-content\/uploads\/portals\/palazzo-vecchio-1.jpeg\" class=\"elementor-element elementor-element-25 elementor-invisible elementor-has-bg-overlay elementor-widget elementor-widget-global elementor-global-25 elementor-widget-heading\" data-id=\"25\" data-element_type=\"widget\" data-settings=\"{&quot;_animation&quot;:&quot;fadeInDown&quot;}\" data-widget_type=\"heading.default\">\n\t\t\t\t<div class=\"elementor-widget-container\">\n\t\t\t\t\t<h1 class=\"elementor-heading-title elementor-size-default\"><small style=\"font-size:18px;margin-bottom:10px\">Florence Private Guide<\/small><span>Zertifizierungen<\/span><\/h1>\t\t\t\t<\/div>\n\t\t\t\t<\/div>\n\t\t\t\t<\/div>\n\t\t<div class=\"elementor-element elementor-element-715b6a8 e-flex e-con-boxed e-con e-parent\" data-id=\"715b6a8\" data-element_type=\"container\" data-settings=\"{&quot;jet_parallax_layout_list&quot;:[]}\">\n\t\t\t\t\t<div class=\"e-con-inner\">\n\t\t\t\t<div class=\"elementor-element elementor-element-b387ee1 elementor-widget elementor-widget-text-editor\" data-id=\"b387ee1\" data-element_type=\"widget\" data-widget_type=\"text-editor.default\">\n\t\t\t\t<div class=\"elementor-widget-container\">\n\t\t\t\t\t\t\t\t\t<p>Der Beruf des Stadtf\u00fchrers darf nicht ohne Lizenz ausge\u00fcbt werden.<\/p>\n<p>Lizenzen werden nach dem Besuch einer von der Provinz autorisierten Institute ausgestellt.<\/p>\n<p>Es gibt vier Institute in Florenz, die von der Provinz autorisiert sind, Kurse f\u00fcr Stadtf\u00fchrer anzubieten. Mein Kurs wurde in 19 Stunden pro Woche organisiert f\u00fcr eine Gesamtdauer von einem Jahr. Im Laufe des Jahres hatten wir ungef\u00e4hr 2 Pr\u00fcfungen pro Monat. Am Ende des Jahres, wenn die durchschnittliche Note aller Pr\u00fcfungen im Laufe des Jahres einen bestimmten Prozentsatz \u00fcberschreitet, darf den Student zu dem Abschlussexam zugelassen werden, \u00a0&#8230; mit der Hoffnung, dies auch zu bestehen.<\/p>\n<p>Also im Mai 2009 beschlo\u00df Ich mich an einem dieser Institute einzuschreiben , um Stadtf\u00fchrer zu werden, damit ich meine Liebe und Faszination f\u00fcr diese unglaubliche Stadt mit so vielen Menschen wie m\u00f6glich teilen kann. Im Juni 2010 wurde ich qualifizierter Stadtf\u00fchrer f\u00fcr Florenz und seine Provinz.<\/p>\n\t\t\t\t\t\t\t\t<\/div>\n\t\t\t\t<\/div>\n\t\t\t\t<div class=\"elementor-element elementor-element-3a720fd elementor-widget elementor-widget-gallery\" data-id=\"3a720fd\" data-element_type=\"widget\" data-settings=\"{&quot;columns&quot;:3,&quot;lazyload&quot;:&quot;yes&quot;,&quot;gallery_layout&quot;:&quot;grid&quot;,&quot;columns_tablet&quot;:2,&quot;columns_mobile&quot;:1,&quot;gap&quot;:{&quot;unit&quot;:&quot;px&quot;,&quot;size&quot;:10,&quot;sizes&quot;:[]},&quot;gap_tablet&quot;:{&quot;unit&quot;:&quot;px&quot;,&quot;size&quot;:10,&quot;sizes&quot;:[]},&quot;gap_mobile&quot;:{&quot;unit&quot;:&quot;px&quot;,&quot;size&quot;:10,&quot;sizes&quot;:[]},&quot;link_to&quot;:&quot;file&quot;,&quot;aspect_ratio&quot;:&quot;3:2&quot;,&quot;overlay_background&quot;:&quot;yes&quot;,&quot;content_hover_animation&quot;:&quot;fade-in&quot;}\" data-widget_type=\"gallery.default\">\n\t\t\t\t<div class=\"elementor-widget-container\">\n\t\t\t\t\t\t\t<div class=\"elementor-gallery__container\">\n\t\t\t\t\t\t\t<a class=\"e-gallery-item elementor-gallery-item elementor-animated-content\" href=\"https:\/\/florenceprivateguide.com\/wp-content\/uploads\/img_0702.jpg\" data-elementor-open-lightbox=\"yes\" data-elementor-lightbox-slideshow=\"3a720fd\" data-elementor-lightbox-title=\"img_0702\" data-e-action-hash=\"#elementor-action%3Aaction%3Dlightbox%26settings%3DeyJpZCI6MTE5OCwidXJsIjoiaHR0cHM6XC9cL2Zsb3JlbmNlcHJpdmF0ZWd1aWRlLmNvbVwvd3AtY29udGVudFwvdXBsb2Fkc1wvaW1nXzA3MDIuanBnIiwic2xpZGVzaG93IjoiM2E3MjBmZCJ9\">\n\t\t\t\t\t<div class=\"e-gallery-image elementor-gallery-item__image\" data-thumbnail=\"https:\/\/florenceprivateguide.com\/wp-content\/uploads\/img_0702.jpg\" data-width=\"1400\" data-height=\"1867\" aria-label=\"\" role=\"img\" ><\/div>\n\t\t\t\t\t\t\t\t\t\t\t<div class=\"elementor-gallery-item__overlay\"><\/div>\n\t\t\t\t\t\t\t\t\t\t\t\t\t\t<\/a>\n\t\t\t\t\t\t\t<a class=\"e-gallery-item elementor-gallery-item elementor-animated-content\" href=\"https:\/\/florenceprivateguide.com\/wp-content\/uploads\/img_0703.jpg\" data-elementor-open-lightbox=\"yes\" data-elementor-lightbox-slideshow=\"3a720fd\" data-elementor-lightbox-title=\"img_0703\" data-e-action-hash=\"#elementor-action%3Aaction%3Dlightbox%26settings%3DeyJpZCI6MTIwMCwidXJsIjoiaHR0cHM6XC9cL2Zsb3JlbmNlcHJpdmF0ZWd1aWRlLmNvbVwvd3AtY29udGVudFwvdXBsb2Fkc1wvaW1nXzA3MDMuanBnIiwic2xpZGVzaG93IjoiM2E3MjBmZCJ9\">\n\t\t\t\t\t<div class=\"e-gallery-image elementor-gallery-item__image\" data-thumbnail=\"https:\/\/florenceprivateguide.com\/wp-content\/uploads\/img_0703.jpg\" data-width=\"1400\" data-height=\"1867\" aria-label=\"\" role=\"img\" ><\/div>\n\t\t\t\t\t\t\t\t\t\t\t<div class=\"elementor-gallery-item__overlay\"><\/div>\n\t\t\t\t\t\t\t\t\t\t\t\t\t\t<\/a>\n\t\t\t\t\t\t\t<a class=\"e-gallery-item elementor-gallery-item elementor-animated-content\" href=\"https:\/\/florenceprivateguide.com\/wp-content\/uploads\/img_0704.jpg\" data-elementor-open-lightbox=\"yes\" data-elementor-lightbox-slideshow=\"3a720fd\" data-elementor-lightbox-title=\"img_0704\" data-e-action-hash=\"#elementor-action%3Aaction%3Dlightbox%26settings%3DeyJpZCI6MTIwMiwidXJsIjoiaHR0cHM6XC9cL2Zsb3JlbmNlcHJpdmF0ZWd1aWRlLmNvbVwvd3AtY29udGVudFwvdXBsb2Fkc1wvaW1nXzA3MDQuanBnIiwic2xpZGVzaG93IjoiM2E3MjBmZCJ9\">\n\t\t\t\t\t<div class=\"e-gallery-image elementor-gallery-item__image\" data-thumbnail=\"https:\/\/florenceprivateguide.com\/wp-content\/uploads\/img_0704.jpg\" data-width=\"1400\" data-height=\"1867\" aria-label=\"\" role=\"img\" ><\/div>\n\t\t\t\t\t\t\t\t\t\t\t<div class=\"elementor-gallery-item__overlay\"><\/div>\n\t\t\t\t\t\t\t\t\t\t\t\t\t\t<\/a>\n\t\t\t\t\t\t\t<a class=\"e-gallery-item elementor-gallery-item elementor-animated-content\" href=\"https:\/\/florenceprivateguide.com\/wp-content\/uploads\/img_0705.jpg\" data-elementor-open-lightbox=\"yes\" data-elementor-lightbox-slideshow=\"3a720fd\" data-elementor-lightbox-title=\"img_0705\" data-e-action-hash=\"#elementor-action%3Aaction%3Dlightbox%26settings%3DeyJpZCI6MTIwNCwidXJsIjoiaHR0cHM6XC9cL2Zsb3JlbmNlcHJpdmF0ZWd1aWRlLmNvbVwvd3AtY29udGVudFwvdXBsb2Fkc1wvaW1nXzA3MDUuanBnIiwic2xpZGVzaG93IjoiM2E3MjBmZCJ9\">\n\t\t\t\t\t<div class=\"e-gallery-image elementor-gallery-item__image\" data-thumbnail=\"https:\/\/florenceprivateguide.com\/wp-content\/uploads\/img_0705.jpg\" data-width=\"1400\" data-height=\"1867\" aria-label=\"\" role=\"img\" ><\/div>\n\t\t\t\t\t\t\t\t\t\t\t<div class=\"elementor-gallery-item__overlay\"><\/div>\n\t\t\t\t\t\t\t\t\t\t\t\t\t\t<\/a>\n\t\t\t\t\t\t\t<a class=\"e-gallery-item elementor-gallery-item elementor-animated-content\" href=\"https:\/\/florenceprivateguide.com\/wp-content\/uploads\/img_0708.jpg\" data-elementor-open-lightbox=\"yes\" data-elementor-lightbox-slideshow=\"3a720fd\" data-elementor-lightbox-title=\"img_0708\" data-e-action-hash=\"#elementor-action%3Aaction%3Dlightbox%26settings%3DeyJpZCI6MTIwNiwidXJsIjoiaHR0cHM6XC9cL2Zsb3JlbmNlcHJpdmF0ZWd1aWRlLmNvbVwvd3AtY29udGVudFwvdXBsb2Fkc1wvaW1nXzA3MDguanBnIiwic2xpZGVzaG93IjoiM2E3MjBmZCJ9\">\n\t\t\t\t\t<div class=\"e-gallery-image elementor-gallery-item__image\" data-thumbnail=\"https:\/\/florenceprivateguide.com\/wp-content\/uploads\/img_0708.jpg\" data-width=\"1400\" data-height=\"1867\" aria-label=\"\" role=\"img\" ><\/div>\n\t\t\t\t\t\t\t\t\t\t\t<div class=\"elementor-gallery-item__overlay\"><\/div>\n\t\t\t\t\t\t\t\t\t\t\t\t\t\t<\/a>\n\t\t\t\t\t\t\t<a class=\"e-gallery-item elementor-gallery-item elementor-animated-content\" href=\"https:\/\/florenceprivateguide.com\/wp-content\/uploads\/img_0713.jpg\" data-elementor-open-lightbox=\"yes\" data-elementor-lightbox-slideshow=\"3a720fd\" data-elementor-lightbox-title=\"img_0713\" data-e-action-hash=\"#elementor-action%3Aaction%3Dlightbox%26settings%3DeyJpZCI6MTIwOCwidXJsIjoiaHR0cHM6XC9cL2Zsb3JlbmNlcHJpdmF0ZWd1aWRlLmNvbVwvd3AtY29udGVudFwvdXBsb2Fkc1wvaW1nXzA3MTMuanBnIiwic2xpZGVzaG93IjoiM2E3MjBmZCJ9\">\n\t\t\t\t\t<div class=\"e-gallery-image elementor-gallery-item__image\" data-thumbnail=\"https:\/\/florenceprivateguide.com\/wp-content\/uploads\/img_0713.jpg\" data-width=\"1400\" data-height=\"1867\" aria-label=\"\" role=\"img\" ><\/div>\n\t\t\t\t\t\t\t\t\t\t\t<div class=\"elementor-gallery-item__overlay\"><\/div>\n\t\t\t\t\t\t\t\t\t\t\t\t\t\t<\/a>\n\t\t\t\t\t<\/div>\n\t\t\t\t\t<\/div>\n\t\t\t\t<\/div>\n\t\t\t\t\t<\/div>\n\t\t\t\t<\/div>\n\t\t\t\t<\/div>\n\t\t","protected":false},"excerpt":{"rendered":"<p>Der Beruf des Stadtf\u00fchrers darf nicht ohne Lizenz ausge\u00fcbt werden. Lizenzen werden nach dem Besuch einer von der Provinz autorisierten Institute ausgestellt. Es gibt vier Institute in Florenz, die von der Provinz autorisiert sind, Kurse f\u00fcr Stadtf\u00fchrer anzubieten. Mein Kurs wurde in 19 Stunden pro Woche organisiert f\u00fcr eine Gesamtdauer von einem Jahr. Im Laufe&#8230;<\/p>\n","protected":false},"author":1,"featured_media":306,"parent":0,"menu_order":7,"comment_status":"closed","ping_status":"closed","template":"","meta":{"_acf_changed":false,"footnotes":""},"categories":[],"tags":[],"class_list":["post-1234","page","type-page","status-publish","has-post-thumbnail","hentry"],"acf":[],"yoast_head":"<!-- This site is optimized with the Yoast SEO plugin v25.3.1 - https:\/\/yoast.com\/wordpress\/plugins\/seo\/ -->\n<title>Zertifizierungen - Florence Private Guide<\/title>\n<meta name=\"description\" content=\"Der Beruf des Stadtf\u00fchrers darf nicht ohne Lizenz ausge\u00fcbt werden. Lizenzen werden nach dem Besuch einer von der Provinz autorisierten Institute\" \/>\n<meta name=\"robots\" content=\"index, follow, max-snippet:-1, max-image-preview:large, max-video-preview:-1\" \/>\n<link rel=\"canonical\" href=\"https:\/\/florenceprivateguide.com\/de\/zertifizierungen\/\" \/>\n<meta property=\"og:locale\" content=\"de_DE\" \/>\n<meta property=\"og:type\" content=\"article\" \/>\n<meta property=\"og:title\" content=\"Zertifizierungen - Florence Private Guide\" \/>\n<meta property=\"og:description\" content=\"Der Beruf des Stadtf\u00fchrers darf nicht ohne Lizenz ausge\u00fcbt werden. Lizenzen werden nach dem Besuch einer von der Provinz autorisierten Institute\" \/>\n<meta property=\"og:url\" content=\"https:\/\/florenceprivateguide.com\/de\/zertifizierungen\/\" \/>\n<meta property=\"og:site_name\" content=\"Florence Private Guide\" \/>\n<meta property=\"article:modified_time\" content=\"2024-01-05T09:44:03+00:00\" \/>\n<meta property=\"og:image\" content=\"https:\/\/florenceprivateguide.com\/wp-content\/uploads\/portals\/palazzo-vecchio-1.jpeg\" \/>\n\t<meta property=\"og:image:width\" content=\"1905\" \/>\n\t<meta property=\"og:image:height\" content=\"1215\" \/>\n\t<meta property=\"og:image:type\" content=\"image\/jpeg\" \/>\n<meta name=\"twitter:card\" content=\"summary_large_image\" \/>\n<meta name=\"twitter:label1\" content=\"Gesch\u00e4tzte Lesezeit\" \/>\n\t<meta name=\"twitter:data1\" content=\"1\u00a0Minute\" \/>\n<script type=\"application\/ld+json\" class=\"yoast-schema-graph\">{\"@context\":\"https:\/\/schema.org\",\"@graph\":[{\"@type\":\"WebPage\",\"@id\":\"https:\/\/florenceprivateguide.com\/de\/zertifizierungen\/\",\"url\":\"https:\/\/florenceprivateguide.com\/de\/zertifizierungen\/\",\"name\":\"Zertifizierungen - Florence Private Guide\",\"isPartOf\":{\"@id\":\"https:\/\/florenceprivateguide.com\/de\/#website\"},\"primaryImageOfPage\":{\"@id\":\"https:\/\/florenceprivateguide.com\/de\/zertifizierungen\/#primaryimage\"},\"image\":{\"@id\":\"https:\/\/florenceprivateguide.com\/de\/zertifizierungen\/#primaryimage\"},\"thumbnailUrl\":\"https:\/\/florenceprivateguide.com\/wp-content\/uploads\/portals\/palazzo-vecchio-1.jpeg\",\"datePublished\":\"2023-12-18T14:19:27+00:00\",\"dateModified\":\"2024-01-05T09:44:03+00:00\",\"description\":\"Der Beruf des Stadtf\u00fchrers darf nicht ohne Lizenz ausge\u00fcbt werden. Lizenzen werden nach dem Besuch einer von der Provinz autorisierten Institute\",\"breadcrumb\":{\"@id\":\"https:\/\/florenceprivateguide.com\/de\/zertifizierungen\/#breadcrumb\"},\"inLanguage\":\"de\",\"potentialAction\":[{\"@type\":\"ReadAction\",\"target\":[\"https:\/\/florenceprivateguide.com\/de\/zertifizierungen\/\"]}]},{\"@type\":\"ImageObject\",\"inLanguage\":\"de\",\"@id\":\"https:\/\/florenceprivateguide.com\/de\/zertifizierungen\/#primaryimage\",\"url\":\"https:\/\/florenceprivateguide.com\/wp-content\/uploads\/portals\/palazzo-vecchio-1.jpeg\",\"contentUrl\":\"https:\/\/florenceprivateguide.com\/wp-content\/uploads\/portals\/palazzo-vecchio-1.jpeg\",\"width\":1905,\"height\":1215},{\"@type\":\"BreadcrumbList\",\"@id\":\"https:\/\/florenceprivateguide.com\/de\/zertifizierungen\/#breadcrumb\",\"itemListElement\":[{\"@type\":\"ListItem\",\"position\":1,\"name\":\"Home\",\"item\":\"https:\/\/florenceprivateguide.com\/de\/\"},{\"@type\":\"ListItem\",\"position\":2,\"name\":\"Zertifizierungen\"}]},{\"@type\":\"WebSite\",\"@id\":\"https:\/\/florenceprivateguide.com\/de\/#website\",\"url\":\"https:\/\/florenceprivateguide.com\/de\/\",\"name\":\"Florence Private Guide\",\"description\":\"\",\"publisher\":{\"@id\":\"https:\/\/florenceprivateguide.com\/de\/#organization\"},\"potentialAction\":[{\"@type\":\"SearchAction\",\"target\":{\"@type\":\"EntryPoint\",\"urlTemplate\":\"https:\/\/florenceprivateguide.com\/de\/?s={search_term_string}\"},\"query-input\":{\"@type\":\"PropertyValueSpecification\",\"valueRequired\":true,\"valueName\":\"search_term_string\"}}],\"inLanguage\":\"de\"},{\"@type\":\"Organization\",\"@id\":\"https:\/\/florenceprivateguide.com\/de\/#organization\",\"name\":\"Florence Private Guide\",\"url\":\"https:\/\/florenceprivateguide.com\/de\/\",\"logo\":{\"@type\":\"ImageObject\",\"inLanguage\":\"de\",\"@id\":\"https:\/\/florenceprivateguide.com\/de\/#\/schema\/logo\/image\/\",\"url\":\"https:\/\/florenceprivateguide.com\/wp-content\/uploads\/logo\/logo-russo-shade.svg\",\"contentUrl\":\"https:\/\/florenceprivateguide.com\/wp-content\/uploads\/logo\/logo-russo-shade.svg\",\"width\":238.25,\"height\":238.25,\"caption\":\"Florence Private Guide\"},\"image\":{\"@id\":\"https:\/\/florenceprivateguide.com\/de\/#\/schema\/logo\/image\/\"}}]}<\/script>\n<!-- \/ Yoast SEO plugin. -->","yoast_head_json":{"title":"Zertifizierungen - Florence Private Guide","description":"Der Beruf des Stadtf\u00fchrers darf nicht ohne Lizenz ausge\u00fcbt werden. Lizenzen werden nach dem Besuch einer von der Provinz autorisierten Institute","robots":{"index":"index","follow":"follow","max-snippet":"max-snippet:-1","max-image-preview":"max-image-preview:large","max-video-preview":"max-video-preview:-1"},"canonical":"https:\/\/florenceprivateguide.com\/de\/zertifizierungen\/","og_locale":"de_DE","og_type":"article","og_title":"Zertifizierungen - Florence Private Guide","og_description":"Der Beruf des Stadtf\u00fchrers darf nicht ohne Lizenz ausge\u00fcbt werden. Lizenzen werden nach dem Besuch einer von der Provinz autorisierten Institute","og_url":"https:\/\/florenceprivateguide.com\/de\/zertifizierungen\/","og_site_name":"Florence Private Guide","article_modified_time":"2024-01-05T09:44:03+00:00","og_image":[{"width":1905,"height":1215,"url":"https:\/\/florenceprivateguide.com\/wp-content\/uploads\/portals\/palazzo-vecchio-1.jpeg","type":"image\/jpeg"}],"twitter_card":"summary_large_image","twitter_misc":{"Gesch\u00e4tzte Lesezeit":"1\u00a0Minute"},"schema":{"@context":"https:\/\/schema.org","@graph":[{"@type":"WebPage","@id":"https:\/\/florenceprivateguide.com\/de\/zertifizierungen\/","url":"https:\/\/florenceprivateguide.com\/de\/zertifizierungen\/","name":"Zertifizierungen - Florence Private Guide","isPartOf":{"@id":"https:\/\/florenceprivateguide.com\/de\/#website"},"primaryImageOfPage":{"@id":"https:\/\/florenceprivateguide.com\/de\/zertifizierungen\/#primaryimage"},"image":{"@id":"https:\/\/florenceprivateguide.com\/de\/zertifizierungen\/#primaryimage"},"thumbnailUrl":"https:\/\/florenceprivateguide.com\/wp-content\/uploads\/portals\/palazzo-vecchio-1.jpeg","datePublished":"2023-12-18T14:19:27+00:00","dateModified":"2024-01-05T09:44:03+00:00","description":"Der Beruf des Stadtf\u00fchrers darf nicht ohne Lizenz ausge\u00fcbt werden. Lizenzen werden nach dem Besuch einer von der Provinz autorisierten Institute","breadcrumb":{"@id":"https:\/\/florenceprivateguide.com\/de\/zertifizierungen\/#breadcrumb"},"inLanguage":"de","potentialAction":[{"@type":"ReadAction","target":["https:\/\/florenceprivateguide.com\/de\/zertifizierungen\/"]}]},{"@type":"ImageObject","inLanguage":"de","@id":"https:\/\/florenceprivateguide.com\/de\/zertifizierungen\/#primaryimage","url":"https:\/\/florenceprivateguide.com\/wp-content\/uploads\/portals\/palazzo-vecchio-1.jpeg","contentUrl":"https:\/\/florenceprivateguide.com\/wp-content\/uploads\/portals\/palazzo-vecchio-1.jpeg","width":1905,"height":1215},{"@type":"BreadcrumbList","@id":"https:\/\/florenceprivateguide.com\/de\/zertifizierungen\/#breadcrumb","itemListElement":[{"@type":"ListItem","position":1,"name":"Home","item":"https:\/\/florenceprivateguide.com\/de\/"},{"@type":"ListItem","position":2,"name":"Zertifizierungen"}]},{"@type":"WebSite","@id":"https:\/\/florenceprivateguide.com\/de\/#website","url":"https:\/\/florenceprivateguide.com\/de\/","name":"Florence Private Guide","description":"","publisher":{"@id":"https:\/\/florenceprivateguide.com\/de\/#organization"},"potentialAction":[{"@type":"SearchAction","target":{"@type":"EntryPoint","urlTemplate":"https:\/\/florenceprivateguide.com\/de\/?s={search_term_string}"},"query-input":{"@type":"PropertyValueSpecification","valueRequired":true,"valueName":"search_term_string"}}],"inLanguage":"de"},{"@type":"Organization","@id":"https:\/\/florenceprivateguide.com\/de\/#organization","name":"Florence Private Guide","url":"https:\/\/florenceprivateguide.com\/de\/","logo":{"@type":"ImageObject","inLanguage":"de","@id":"https:\/\/florenceprivateguide.com\/de\/#\/schema\/logo\/image\/","url":"https:\/\/florenceprivateguide.com\/wp-content\/uploads\/logo\/logo-russo-shade.svg","contentUrl":"https:\/\/florenceprivateguide.com\/wp-content\/uploads\/logo\/logo-russo-shade.svg","width":238.25,"height":238.25,"caption":"Florence Private Guide"},"image":{"@id":"https:\/\/florenceprivateguide.com\/de\/#\/schema\/logo\/image\/"}}]}},"_links":{"self":[{"href":"https:\/\/florenceprivateguide.com\/de\/wp-json\/wp\/v2\/pages\/1234","targetHints":{"allow":["GET"]}}],"collection":[{"href":"https:\/\/florenceprivateguide.com\/de\/wp-json\/wp\/v2\/pages"}],"about":[{"href":"https:\/\/florenceprivateguide.com\/de\/wp-json\/wp\/v2\/types\/page"}],"author":[{"embeddable":true,"href":"https:\/\/florenceprivateguide.com\/de\/wp-json\/wp\/v2\/users\/1"}],"replies":[{"embeddable":true,"href":"https:\/\/florenceprivateguide.com\/de\/wp-json\/wp\/v2\/comments?post=1234"}],"version-history":[{"count":0,"href":"https:\/\/florenceprivateguide.com\/de\/wp-json\/wp\/v2\/pages\/1234\/revisions"}],"wp:featuredmedia":[{"embeddable":true,"href":"https:\/\/florenceprivateguide.com\/de\/wp-json\/wp\/v2\/media\/306"}],"wp:attachment":[{"href":"https:\/\/florenceprivateguide.com\/de\/wp-json\/wp\/v2\/media?parent=1234"}],"wp:term":[{"taxonomy":"category","embeddable":true,"href":"https:\/\/florenceprivateguide.com\/de\/wp-json\/wp\/v2\/categories?post=1234"},{"taxonomy":"post_tag","embeddable":true,"href":"https:\/\/florenceprivateguide.com\/de\/wp-json\/wp\/v2\/tags?post=1234"}],"curies":[{"name":"wp","href":"https:\/\/api.w.org\/{rel}","templated":true}]}}